{"id":165,"date":"2025-01-14T14:22:00","date_gmt":"2025-01-14T13:22:00","guid":{"rendered":"http:\/\/technovation.fr\/?page_id=165"},"modified":"2025-01-30T17:05:44","modified_gmt":"2025-01-30T16:05:44","slug":"ref_1","status":"publish","type":"page","link":"https:\/\/technovation.fr\/index.php\/nos-publications\/ref\/ref_1\/","title":{"rendered":"1. Introduction"},"content":{"rendered":"\n<p>Ce R\u00e9f\u00e9rentiel de c\u00e2blage Voix-Donn\u00e9es-Images (VDI ci-apr\u00e8s) a pour objet de d\u00e9finir l\u2019ensemble des&nbsp;<strong>prescriptions<\/strong>&nbsp;relatives \u00e0 la conception et \u00e0 la r\u00e9alisation d\u2019une infrastructure de c\u00e2blage VDI banalis\u00e9e.<br>Il peut \u00eatre compl\u00e9t\u00e9 d\u2019un Cahier des Charges Techniques Particuli\u00e8res (CCTP ci-apr\u00e8s) qui d\u00e9taille les&nbsp;<strong>prestations<\/strong>&nbsp;\u00e0 r\u00e9aliser d\u2019un projet particulier et permet la r\u00e9daction d\u2019une D\u00e9composition des Prix Globale et Forfaitaire (DPGF ci-apr\u00e8s) qui est un&nbsp;tableau qui quantifie les&nbsp;<strong>fournitures et travaux<\/strong>&nbsp;pour une entreprise de r\u00e9alisation de sa r\u00e9alisation.<\/p>\n\n\n\n<p><strong>DEFINITIONS :<\/strong><br><strong>R\u00e9f\u00e9rentiel<\/strong> : C&rsquo;est une description pr\u00e9cise des caract\u00e9ristiques et performances des infrastructures VDI.<br>Ce r\u00e9f\u00e9rentiel s\u2019adresse \u00e0 l\u2019ensemble des intervenants en charge de travaux incluant la mise en \u0153uvre d\u2019une infrastructure de c\u00e2blage VDI. Toute nouvelle installation de c\u00e2blage VDI, cr\u00e9ation ou extension, devra \u00eatre conforme en tout point au pr\u00e9sent document.<br><strong>CCTP<\/strong> : C&rsquo;est une description pr\u00e9cise des sp\u00e9cificit\u00e9s techniques du site concern\u00e9 auquel pourra \u00eatre joint un jeu de plans sur lesquels seront implant\u00e9s :<br>&#8211; les cheminements, <br>&#8211; les baies informatiques,<br>&#8211; les r\u00e9partiteurs,<br>&#8211; les points d&rsquo;acc\u00e8s VDI,<br>&#8211; les armoires \u00e9lectriques.<br><br><br><\/p>\n","protected":false},"excerpt":{"rendered":"<p>Ce R\u00e9f\u00e9rentiel de c\u00e2blage Voix-Donn\u00e9es-Images (VDI ci-apr\u00e8s) a pour objet de d\u00e9finir l\u2019ensemble des&nbsp;prescriptions&nbsp;relatives \u00e0 la conception et \u00e0 la [&hellip;]<\/p>\n","protected":false},"author":1,"featured_media":0,"parent":156,"menu_order":1,"comment_status":"open","ping_status":"closed","template":"","meta":{"_uag_custom_page_level_css":"","site-sidebar-layout":"default","site-content-layout":"","ast-site-content-layout":"","site-content-style":"default","site-sidebar-style":"default","ast-global-header-display":"","ast-banner-title-visibility":"","ast-main-header-display":"","ast-hfb-above-header-display":"","ast-hfb-below-header-display":"","ast-hfb-mobile-header-display":"","site-post-title":"","ast-breadcrumbs-content":"","ast-featured-img":"","footer-sml-layout":"","theme-transparent-header-meta":"","adv-header-id-meta":"","stick-header-meta":"","header-above-stick-meta":"","header-main-stick-meta":"","header-below-stick-meta":"","astra-migrate-meta-layouts":"default","ast-page-background-enabled":"default","ast-page-background-meta":{"desktop":{"background-color":"var(--ast-global-color-4)","background-image":"","background-repeat":"repeat","background-position":"center center","background-size":"auto","background-attachment":"scroll","background-type":"","background-media":"","overlay-type":"","overlay-color":"","overlay-opacity":"","overlay-gradient":""},"tablet":{"background-color":"","background-image":"","background-repeat":"repeat","background-position":"center center","background-size":"auto","background-attachment":"scroll","background-type":"","background-media":"","overlay-type":"","overlay-color":"","overlay-opacity":"","overlay-gradient":""},"mobile":{"background-color":"","background-image":"","background-repeat":"repeat","background-position":"center center","background-size":"auto","background-attachment":"scroll","background-type":"","background-media":"","overlay-type":"","overlay-color":"","overlay-opacity":"","overlay-gradient":""}},"ast-content-background-meta":{"desktop":{"background-color":"var(--ast-global-color-5)","background-image":"","background-repeat":"repeat","background-position":"center center","background-size":"auto","background-attachment":"scroll","background-type":"","background-media":"","overlay-type":"","overlay-color":"","overlay-opacity":"","overlay-gradient":""},"tablet":{"background-color":"var(--ast-global-color-5)","background-image":"","background-repeat":"repeat","background-position":"center center","background-size":"auto","background-attachment":"scroll","background-type":"","background-media":"","overlay-type":"","overlay-color":"","overlay-opacity":"","overlay-gradient":""},"mobile":{"background-color":"var(--ast-global-color-5)","background-image":"","background-repeat":"repeat","background-position":"center center","background-size":"auto","background-attachment":"scroll","background-type":"","background-media":"","overlay-type":"","overlay-color":"","overlay-opacity":"","overlay-gradient":""}},"footnotes":""},"class_list":["post-165","page","type-page","status-publish","hentry"],"uagb_featured_image_src":{"full":false,"thumbnail":false,"medium":false,"medium_large":false,"large":false,"1536x1536":false,"2048x2048":false},"uagb_author_info":{"display_name":"LDR","author_link":"https:\/\/technovation.fr\/index.php\/author\/dl243-ovh\/"},"uagb_comment_info":10,"uagb_excerpt":"Ce R\u00e9f\u00e9rentiel de c\u00e2blage Voix-Donn\u00e9es-Images (VDI ci-apr\u00e8s) a pour objet de d\u00e9finir l\u2019ensemble des&nbsp;prescriptions&nbsp;relatives \u00e0 la conception et \u00e0 la [&hellip;]","_links":{"self":[{"href":"https:\/\/technovation.fr\/index.php\/wp-json\/wp\/v2\/pages\/165","targetHints":{"allow":["GET"]}}],"collection":[{"href":"https:\/\/technovation.fr\/index.php\/wp-json\/wp\/v2\/pages"}],"about":[{"href":"https:\/\/technovation.fr\/index.php\/wp-json\/wp\/v2\/types\/page"}],"author":[{"embeddable":true,"href":"https:\/\/technovation.fr\/index.php\/wp-json\/wp\/v2\/users\/1"}],"replies":[{"embeddable":true,"href":"https:\/\/technovation.fr\/index.php\/wp-json\/wp\/v2\/comments?post=165"}],"version-history":[{"count":11,"href":"https:\/\/technovation.fr\/index.php\/wp-json\/wp\/v2\/pages\/165\/revisions"}],"predecessor-version":[{"id":420,"href":"https:\/\/technovation.fr\/index.php\/wp-json\/wp\/v2\/pages\/165\/revisions\/420"}],"up":[{"embeddable":true,"href":"https:\/\/technovation.fr\/index.php\/wp-json\/wp\/v2\/pages\/156"}],"wp:attachment":[{"href":"https:\/\/technovation.fr\/index.php\/wp-json\/wp\/v2\/media?parent=165"}],"curies":[{"name":"wp","href":"https:\/\/api.w.org\/{rel}","templated":true}]}}