{"id":181,"date":"2025-01-16T16:34:41","date_gmt":"2025-01-16T15:34:41","guid":{"rendered":"http:\/\/technovation.fr\/?page_id=181"},"modified":"2025-01-30T17:22:25","modified_gmt":"2025-01-30T16:22:25","slug":"nos-publications","status":"publish","type":"page","link":"https:\/\/technovation.fr\/index.php\/nos-publications\/","title":{"rendered":"Nos publications"},"content":{"rendered":"\n<ul class=\"wp-block-list\">\n<li><strong>DOMAINE TERTIAIRE<\/strong>\n<ul class=\"wp-block-list\">\n<li><a href=\"https:\/\/technovation.fr\/index.php\/nos-publications\/ref\/\" data-type=\"page\" data-id=\"156\">R\u00e9f\u00e9rentiel de c\u00e2blage VDI<\/a><br>Ce r\u00e9f\u00e9rentiel de c\u00e2blage Voix-Donn\u00e9es-Images (VDI ci-apr\u00e8s) a pour objet de d\u00e9finir l\u2019ensemble des prescriptions relatives \u00e0 la conception et \u00e0 la r\u00e9alisation d\u2019une infrastructure de c\u00e2blage VDI. <br><br><\/li>\n\n\n\n<li><a href=\"https:\/\/technovation.fr\/index.php\/nos-publications\/solutions-de-batiments-intelligents\/\" data-type=\"page\" data-id=\"187\">Solutions pour des b\u00e2timents \u00ab\u00a0intelligents\u00a0\u00bb<\/a><br>Ce document a pour objectif de d\u00e9crire des solutions et des \u00e9quipements correspondant \u00e0 diff\u00e9rents niveaux de services techniques et d\u2018usages n\u00e9cessaires dans un b\u00e2timent tertiaire.<br><br><br><\/li>\n<\/ul>\n<\/li>\n\n\n\n<li><strong>DOMAINE INDUSTRIEL<\/strong>\n<ul class=\"wp-block-list\">\n<li>Concepts de Lean Manufacturing<\/li>\n<\/ul>\n<\/li>\n<\/ul>\n\n\n\n<p><\/p>\n","protected":false},"excerpt":{"rendered":"","protected":false},"author":1,"featured_media":0,"parent":0,"menu_order":2,"comment_status":"closed","ping_status":"closed","template":"","meta":{"_uag_custom_page_level_css":"","site-sidebar-layout":"default","site-content-layout":"","ast-site-content-layout":"","site-content-style":"default","site-sidebar-style":"default","ast-global-header-display":"","ast-banner-title-visibility":"","ast-main-header-display":"","ast-hfb-above-header-display":"","ast-hfb-below-header-display":"","ast-hfb-mobile-header-display":"","site-post-title":"","ast-breadcrumbs-content":"","ast-featured-img":"","footer-sml-layout":"","theme-transparent-header-meta":"","adv-header-id-meta":"","stick-header-meta":"","header-above-stick-meta":"","header-main-stick-meta":"","header-below-stick-meta":"","astra-migrate-meta-layouts":"default","ast-page-background-enabled":"default","ast-page-background-meta":{"desktop":{"background-color":"var(--ast-global-color-4)","background-image":"","background-repeat":"repeat","background-position":"center center","background-size":"auto","background-attachment":"scroll","background-type":"","background-media":"","overlay-type":"","overlay-color":"","overlay-opacity":"","overlay-gradient":""},"tablet":{"background-color":"","background-image":"","background-repeat":"repeat","background-position":"center center","background-size":"auto","background-attachment":"scroll","background-type":"","background-media":"","overlay-type":"","overlay-color":"","overlay-opacity":"","overlay-gradient":""},"mobile":{"background-color":"","background-image":"","background-repeat":"repeat","background-position":"center center","background-size":"auto","background-attachment":"scroll","background-type":"","background-media":"","overlay-type":"","overlay-color":"","overlay-opacity":"","overlay-gradient":""}},"ast-content-background-meta":{"desktop":{"background-color":"var(--ast-global-color-5)","background-image":"","background-repeat":"repeat","background-position":"center center","background-size":"auto","background-attachment":"scroll","background-type":"","background-media":"","overlay-type":"","overlay-color":"","overlay-opacity":"","overlay-gradient":""},"tablet":{"background-color":"var(--ast-global-color-5)","background-image":"","background-repeat":"repeat","background-position":"center center","background-size":"auto","background-attachment":"scroll","background-type":"","background-media":"","overlay-type":"","overlay-color":"","overlay-opacity":"","overlay-gradient":""},"mobile":{"background-color":"var(--ast-global-color-5)","background-image":"","background-repeat":"repeat","background-position":"center center","background-size":"auto","background-attachment":"scroll","background-type":"","background-media":"","overlay-type":"","overlay-color":"","overlay-opacity":"","overlay-gradient":""}},"footnotes":""},"class_list":["post-181","page","type-page","status-publish","hentry"],"uagb_featured_image_src":{"full":false,"thumbnail":false,"medium":false,"medium_large":false,"large":false,"1536x1536":false,"2048x2048":false},"uagb_author_info":{"display_name":"LDR","author_link":"https:\/\/technovation.fr\/index.php\/author\/dl243-ovh\/"},"uagb_comment_info":0,"uagb_excerpt":null,"_links":{"self":[{"href":"https:\/\/technovation.fr\/index.php\/wp-json\/wp\/v2\/pages\/181","targetHints":{"allow":["GET"]}}],"collection":[{"href":"https:\/\/technovation.fr\/index.php\/wp-json\/wp\/v2\/pages"}],"about":[{"href":"https:\/\/technovation.fr\/index.php\/wp-json\/wp\/v2\/types\/page"}],"author":[{"embeddable":true,"href":"https:\/\/technovation.fr\/index.php\/wp-json\/wp\/v2\/users\/1"}],"replies":[{"embeddable":true,"href":"https:\/\/technovation.fr\/index.php\/wp-json\/wp\/v2\/comments?post=181"}],"version-history":[{"count":32,"href":"https:\/\/technovation.fr\/index.php\/wp-json\/wp\/v2\/pages\/181\/revisions"}],"predecessor-version":[{"id":430,"href":"https:\/\/technovation.fr\/index.php\/wp-json\/wp\/v2\/pages\/181\/revisions\/430"}],"wp:attachment":[{"href":"https:\/\/technovation.fr\/index.php\/wp-json\/wp\/v2\/media?parent=181"}],"curies":[{"name":"wp","href":"https:\/\/api.w.org\/{rel}","templated":true}]}}