{"id":189,"date":"2025-01-16T17:39:16","date_gmt":"2025-01-16T16:39:16","guid":{"rendered":"http:\/\/technovation.fr\/?page_id=189"},"modified":"2025-01-30T16:55:55","modified_gmt":"2025-01-30T15:55:55","slug":"sol_2","status":"publish","type":"page","link":"https:\/\/technovation.fr\/index.php\/nos-publications\/solutions-de-batiments-intelligents\/sol_2\/","title":{"rendered":"2. Architecture d&rsquo;automatisme tertiaire"},"content":{"rendered":"\n<h2 class=\"wp-block-heading\">2.1 Principe<\/h2>\n\n\n\n<p>Avant de d\u00e9crire chacun des composants d\u2019automatismes des diff\u00e9rents syst\u00e8mes techniques, il faut les situer dans une architecture GLOBALE d\u2019automatisme pour la gestion et l\u2019exploitation du b\u00e2timent par les diff\u00e9rents intervenants.<br>Il est usuellement reconnu une repr\u00e9sentation de l\u2019architecture d\u2019automatisme en niveaux fonctionnels pyramidales&nbsp;:<br>&#8211; Les fonctions les plus \u00e9l\u00e9mentaires sont repr\u00e9sent\u00e9es au bas de la pyramide, les fonctions plus complexes en haut de la pyramide.<br>&#8211; Entre les niveaux, <em>(avec l\u2019id\u00e9e et que chaque bloc fonctionnel ne peut communiquer qu\u2019avec celui qui est juste au-dessus et celui qui est juste au-dessous),<\/em> il est n\u00e9cessaire de d\u00e9crire les types de communication mat\u00e9rielle (bus de terrain, r\u00e9seaux IP, protocoles de communication\u2026).<br>Il est imp\u00e9ratif de privil\u00e9gier des syst\u00e8mes ouverts et norm\u00e9s, utilisables par un personnel disposant d\u2019une formation initiale ou professionnelle fran\u00e7aise associ\u00e9e \u00e0 un r\u00e9seau de distribution multiple.<\/p>\n\n\n\n<p><em>Pr\u00e9ambule&nbsp;: L\u2019architecture syst\u00e8me ou la topologie des r\u00e9seaux devra faire l\u2019objet d\u2019une concertation entre les diff\u00e9rents acteurs de la ma\u00eetrise d\u2019\u0153uvre et sera valid\u00e9e par le ma\u00eetre d\u2019ouvrage.<\/em><\/p>\n\n\n\n<p>Il est recommand\u00e9 de mettre au plus haut niveau de la pyramide, pour la gestion d&rsquo;un ensemble de b\u00e2timents, une GTC Energ\u00e9tique permettant d&rsquo;optimiser les consommations et un logiciel de GMAO permettant de g\u00e9rer le d\u00e9pannage des installations.<\/p>\n\n\n\n<p>Toutes les donn\u00e9es \u00e9chang\u00e9es informatiquement peuvent se faire sur le protocole BACnet.<\/p>\n\n\n\n<figure class=\"wp-block-image aligncenter size-full is-resized\"><img loading=\"lazy\" decoding=\"async\" width=\"1008\" height=\"709\" src=\"https:\/\/technovation.fr\/wp-content\/uploads\/2025\/01\/image-16.png\" alt=\"\" class=\"wp-image-387\" style=\"width:639px;height:auto\" srcset=\"https:\/\/technovation.fr\/wp-content\/uploads\/2025\/01\/image-16.png 1008w, https:\/\/technovation.fr\/wp-content\/uploads\/2025\/01\/image-16-300x211.png 300w, https:\/\/technovation.fr\/wp-content\/uploads\/2025\/01\/image-16-768x540.png 768w\" sizes=\"auto, (max-width: 1008px) 100vw, 1008px\" \/><figcaption class=\"wp-element-caption\"><strong>Repr\u00e9sentation pyramidale d&rsquo;une architecture syst\u00e8me<\/strong><\/figcaption><\/figure>\n\n\n\n<p><strong>Le syst\u00e8me GTC permettra&nbsp;:<\/strong><\/p>\n\n\n\n<ul class=\"wp-block-list\">\n<li>le suivi \u00e0 distance des consommations \u00e9nerg\u00e9tiques des b\u00e2timents<\/li>\n\n\n\n<li>le r\u00e9glage \u00e0 distance des consignes de fonctionnement<\/li>\n\n\n\n<li>la visualisation de pannes \u00e9ventuelles des installations<\/li>\n\n\n\n<li>le d\u00e9clenchement automatique d\u2019intervention par des personnels d\u2019astreintes.<\/li>\n<\/ul>\n\n\n\n<p>Certains exploitants ont besoin de r\u00e9gler r\u00e9guli\u00e8rement des param\u00e8tres li\u00e9s \u00e0 l\u2019utilisation d\u2019un b\u00e2timent rendant une supervision in situ n\u00e9cessaire. On parle alors d&rsquo;une GTB.<br> <br><strong>Le syst\u00e8me GTB permettra :<\/strong><\/p>\n\n\n\n<ul class=\"wp-block-list\">\n<li>le r\u00e9glages des heures d\u2019accueil de public ou de pr\u00e9sence du personnel,<\/li>\n\n\n\n<li>l&rsquo;extinction et la fermeture d&rsquo;ouvrants<\/li>\n\n\n\n<li>\u2026<\/li>\n<\/ul>\n\n\n\n<p>Nota :<\/p>\n\n\n\n<ul class=\"wp-block-list\">\n<li>On parle de <strong>GTC<\/strong>, pour une supervision sur un syst\u00e8me technique particulier (CVC, ELEC, SANITAIRE, \u2026)<\/li>\n\n\n\n<li>On parle de <strong>GTB<\/strong>, pour une supervision sur <strong>tous<\/strong> les syst\u00e8mes techniques (CVC, ELEC, SANITAIRE, OCCULTATIONS \u2026)<\/li>\n<\/ul>\n\n\n\n<figure class=\"wp-block-image alignright size-full is-resized\"><img loading=\"lazy\" decoding=\"async\" width=\"270\" height=\"182\" src=\"https:\/\/technovation.fr\/wp-content\/uploads\/2025\/01\/image-15.png\" alt=\"\" class=\"wp-image-375\" style=\"width:185px;height:auto\"\/><figcaption class=\"wp-element-caption\">           <strong>           JACE<\/strong><\/figcaption><\/figure>\n\n\n\n<p><br>Le JACE est un \u00ab&nbsp;automate serveur web&nbsp;\u00bb se fixant sur un rail DIN et permettant&nbsp;le d\u00e9veloppement d&rsquo;une GTB. Il permet :<\/p>\n\n\n\n<ul class=\"wp-block-list\">\n<li>la communication sur tous les protocoles d\u2019automatisme tertiaire,<\/li>\n\n\n\n<li>la cr\u00e9ation et l&rsquo;affichage de vues graphiques de supervision en HTML 5,<\/li>\n\n\n\n<li>d\u2019\u00eatre routeur BACnet pour une GTC<\/li>\n<\/ul>\n\n\n\n<p>Cette solution technique \u00e0 l\u2019avantage d\u2019\u00e9viter d\u2019utiliser un ordinateur qui fonctionnerait 24h sur 24h et qui n\u00e9cessiterait des mises \u00e0 jour r\u00e9guli\u00e8res du syst\u00e8me d\u2019exploitation.<\/p>\n\n\n\n<p><strong>Les contr\u00f4leurs d\u2019automatismes&nbsp;sont appel\u00e9s :<\/strong><\/p>\n\n\n\n<ul class=\"wp-block-list\">\n<li>des automates industriels (API) pour les applications aux fonctions s\u00e9quentielles (TGBT, TD \u00e9tages\u2026)<\/li>\n\n\n\n<li>des automates ou UGL ou UTL sp\u00e9cifiques m\u00e9tiers pour les usages de CVC et de gestion Plomberie\/Sanitaire<br><br><\/li>\n<\/ul>\n\n\n\n<h2 class=\"wp-block-heading\">2.2 Exemple d&rsquo;une architecture \u00ab\u00a0minimale\u00a0\u00bb pour un b\u00e2timent d&rsquo;une collectivit\u00e9<\/h2>\n\n\n\n<figure class=\"wp-block-image aligncenter size-large is-resized\"><img loading=\"lazy\" decoding=\"async\" width=\"1024\" height=\"1001\" src=\"https:\/\/technovation.fr\/wp-content\/uploads\/2025\/01\/image-17-1024x1001.png\" alt=\"\" class=\"wp-image-393\" style=\"width:535px;height:auto\" srcset=\"https:\/\/technovation.fr\/wp-content\/uploads\/2025\/01\/image-17-1024x1001.png 1024w, https:\/\/technovation.fr\/wp-content\/uploads\/2025\/01\/image-17-300x293.png 300w, https:\/\/technovation.fr\/wp-content\/uploads\/2025\/01\/image-17-768x750.png 768w, https:\/\/technovation.fr\/wp-content\/uploads\/2025\/01\/image-17.png 1138w\" sizes=\"auto, (max-width: 1024px) 100vw, 1024px\" \/><\/figure>\n\n\n\n<h2 class=\"wp-block-heading\"><br><\/h2>\n\n\n\n<h2 class=\"wp-block-heading\">2.3 Exemple d&rsquo;une architecture pour une \u00e9cole d&rsquo;une collectivit\u00e9<\/h2>\n\n\n\n<figure class=\"wp-block-image aligncenter size-large is-resized\"><img loading=\"lazy\" decoding=\"async\" width=\"1024\" height=\"686\" src=\"https:\/\/technovation.fr\/wp-content\/uploads\/2025\/01\/image-18-1024x686.png\" alt=\"\" class=\"wp-image-402\" style=\"width:800px;height:auto\" srcset=\"https:\/\/technovation.fr\/wp-content\/uploads\/2025\/01\/image-18-1024x686.png 1024w, https:\/\/technovation.fr\/wp-content\/uploads\/2025\/01\/image-18-300x201.png 300w, https:\/\/technovation.fr\/wp-content\/uploads\/2025\/01\/image-18-768x515.png 768w, https:\/\/technovation.fr\/wp-content\/uploads\/2025\/01\/image-18.png 1515w\" sizes=\"auto, (max-width: 1024px) 100vw, 1024px\" \/><\/figure>\n\n\n\n<h2 class=\"wp-block-heading\"><br><\/h2>\n\n\n\n<h2 class=\"wp-block-heading\">2.4 Exemple d&rsquo;une architecture pour une piscine d&rsquo;une collectivit\u00e9<\/h2>\n\n\n\n<figure class=\"wp-block-image aligncenter size-large is-resized\"><img loading=\"lazy\" decoding=\"async\" width=\"1024\" height=\"733\" src=\"https:\/\/technovation.fr\/wp-content\/uploads\/2025\/01\/image-20-1024x733.png\" alt=\"\" class=\"wp-image-406\" style=\"width:745px;height:auto\" srcset=\"https:\/\/technovation.fr\/wp-content\/uploads\/2025\/01\/image-20-1024x733.png 1024w, https:\/\/technovation.fr\/wp-content\/uploads\/2025\/01\/image-20-300x215.png 300w, https:\/\/technovation.fr\/wp-content\/uploads\/2025\/01\/image-20-768x550.png 768w, https:\/\/technovation.fr\/wp-content\/uploads\/2025\/01\/image-20.png 1402w\" sizes=\"auto, (max-width: 1024px) 100vw, 1024px\" \/><\/figure>\n\n\n\n<p><br><br><\/p>\n\n\n\n<h2 class=\"wp-block-heading\">2.5 Exemple d&rsquo;une architecture pour un site multi-b\u00e2timents<\/h2>\n\n\n\n<figure class=\"wp-block-image aligncenter size-large is-resized\"><img loading=\"lazy\" decoding=\"async\" width=\"1024\" height=\"707\" src=\"https:\/\/technovation.fr\/wp-content\/uploads\/2025\/01\/image-21-1024x707.png\" alt=\"\" class=\"wp-image-410\" style=\"width:786px;height:auto\" srcset=\"https:\/\/technovation.fr\/wp-content\/uploads\/2025\/01\/image-21-1024x707.png 1024w, https:\/\/technovation.fr\/wp-content\/uploads\/2025\/01\/image-21-300x207.png 300w, https:\/\/technovation.fr\/wp-content\/uploads\/2025\/01\/image-21-768x530.png 768w, https:\/\/technovation.fr\/wp-content\/uploads\/2025\/01\/image-21.png 1433w\" sizes=\"auto, (max-width: 1024px) 100vw, 1024px\" \/><\/figure>\n\n\n\n<h2 class=\"wp-block-heading\"><br><\/h2>\n\n\n\n<h2 class=\"wp-block-heading\">2.6 Sp\u00e9cifications de mise en \u0153uvre<\/h2>\n\n\n\n<p>La Ma\u00eetrise d\u2019\u0152uvre fournira pour validation au ma\u00eetre d\u2019ouvrage, en phase APD, l\u2019ensemble des documents sous format papier et informatique, constitu\u00e9 avec\u00a0:<br>&#8211;\u00a0L\u2019infrastructure syst\u00e8me avec les r\u00e9seaux et les bus mis en \u0153uvre (avec un synoptique)<br>&#8211;\u00a0Les plans de comptage (avec un synoptique)<br>&#8211;\u00a0Les analyses fonctionnelles tous corps d\u2019\u00e9tat (CVC, \u00e9lectricit\u00e9, occultations\u2026)<br>&#8211;\u00a0Les listes de points (donn\u00e9es utilis\u00e9es dans les programmes d&rsquo;automatisme)<\/p>\n\n\n\n<p>Et en phase REALISATION :<br>&#8211;\u00a0La Ma\u00eetrise d\u2019\u0152uvre fournira \u00e0 la MOA pour acceptation la nomenclature des \u00e9quipements d\u2019automatisme pr\u00e9vus par les entreprises avant leur achat.<\/p>\n\n\n\n<p>Et en phase DOE\u00a0:<br>&#8211;\u00a0Le code source de programmation des automates, le param\u00e9trage et la mise en service des r\u00e9gulations.<\/p>\n\n\n\n<p>La Ma\u00eetrise d\u2019\u0152uvre pr\u00e9voira dans le CCTP, la formation du personnel d\u2019exploitation ainsi que des responsables d\u00e9sign\u00e9s par le Ma\u00eetre d\u2019Ouvrage. Cette formation devra d\u00e9crire et permettre les manipulations de l\u2019ensemble des fonctions d\u2019automatisme et de r\u00e9gulation.<br><br><br><\/p>\n","protected":false},"excerpt":{"rendered":"<p>2.1 Principe Avant de d\u00e9crire chacun des composants d\u2019automatismes des diff\u00e9rents syst\u00e8mes techniques, il faut les situer dans une architecture [&hellip;]<\/p>\n","protected":false},"author":1,"featured_media":0,"parent":187,"menu_order":2,"comment_status":"open","ping_status":"closed","template":"","meta":{"_uag_custom_page_level_css":"","site-sidebar-layout":"default","site-content-layout":"","ast-site-content-layout":"","site-content-style":"default","site-sidebar-style":"default","ast-global-header-display":"","ast-banner-title-visibility":"","ast-main-header-display":"","ast-hfb-above-header-display":"","ast-hfb-below-header-display":"","ast-hfb-mobile-header-display":"","site-post-title":"","ast-breadcrumbs-content":"","ast-featured-img":"","footer-sml-layout":"","theme-transparent-header-meta":"","adv-header-id-meta":"","stick-header-meta":"","header-above-stick-meta":"","header-main-stick-meta":"","header-below-stick-meta":"","astra-migrate-meta-layouts":"default","ast-page-background-enabled":"default","ast-page-background-meta":{"desktop":{"background-color":"var(--ast-global-color-4)","background-image":"","background-repeat":"repeat","background-position":"center center","background-size":"auto","background-attachment":"scroll","background-type":"","background-media":"","overlay-type":"","overlay-color":"","overlay-opacity":"","overlay-gradient":""},"tablet":{"background-color":"","background-image":"","background-repeat":"repeat","background-position":"center center","background-size":"auto","background-attachment":"scroll","background-type":"","background-media":"","overlay-type":"","overlay-color":"","overlay-opacity":"","overlay-gradient":""},"mobile":{"background-color":"","background-image":"","background-repeat":"repeat","background-position":"center center","background-size":"auto","background-attachment":"scroll","background-type":"","background-media":"","overlay-type":"","overlay-color":"","overlay-opacity":"","overlay-gradient":""}},"ast-content-background-meta":{"desktop":{"background-color":"var(--ast-global-color-5)","background-image":"","background-repeat":"repeat","background-position":"center center","background-size":"auto","background-attachment":"scroll","background-type":"","background-media":"","overlay-type":"","overlay-color":"","overlay-opacity":"","overlay-gradient":""},"tablet":{"background-color":"var(--ast-global-color-5)","background-image":"","background-repeat":"repeat","background-position":"center center","background-size":"auto","background-attachment":"scroll","background-type":"","background-media":"","overlay-type":"","overlay-color":"","overlay-opacity":"","overlay-gradient":""},"mobile":{"background-color":"var(--ast-global-color-5)","background-image":"","background-repeat":"repeat","background-position":"center center","background-size":"auto","background-attachment":"scroll","background-type":"","background-media":"","overlay-type":"","overlay-color":"","overlay-opacity":"","overlay-gradient":""}},"footnotes":""},"class_list":["post-189","page","type-page","status-publish","hentry"],"uagb_featured_image_src":{"full":false,"thumbnail":false,"medium":false,"medium_large":false,"large":false,"1536x1536":false,"2048x2048":false},"uagb_author_info":{"display_name":"LDR","author_link":"https:\/\/technovation.fr\/index.php\/author\/dl243-ovh\/"},"uagb_comment_info":2,"uagb_excerpt":"2.1 Principe Avant de d\u00e9crire chacun des composants d\u2019automatismes des diff\u00e9rents syst\u00e8mes techniques, il faut les situer dans une architecture [&hellip;]","_links":{"self":[{"href":"https:\/\/technovation.fr\/index.php\/wp-json\/wp\/v2\/pages\/189","targetHints":{"allow":["GET"]}}],"collection":[{"href":"https:\/\/technovation.fr\/index.php\/wp-json\/wp\/v2\/pages"}],"about":[{"href":"https:\/\/technovation.fr\/index.php\/wp-json\/wp\/v2\/types\/page"}],"author":[{"embeddable":true,"href":"https:\/\/technovation.fr\/index.php\/wp-json\/wp\/v2\/users\/1"}],"replies":[{"embeddable":true,"href":"https:\/\/technovation.fr\/index.php\/wp-json\/wp\/v2\/comments?post=189"}],"version-history":[{"count":42,"href":"https:\/\/technovation.fr\/index.php\/wp-json\/wp\/v2\/pages\/189\/revisions"}],"predecessor-version":[{"id":418,"href":"https:\/\/technovation.fr\/index.php\/wp-json\/wp\/v2\/pages\/189\/revisions\/418"}],"up":[{"embeddable":true,"href":"https:\/\/technovation.fr\/index.php\/wp-json\/wp\/v2\/pages\/187"}],"wp:attachment":[{"href":"https:\/\/technovation.fr\/index.php\/wp-json\/wp\/v2\/media?parent=189"}],"curies":[{"name":"wp","href":"https:\/\/api.w.org\/{rel}","templated":true}]}}