{"id":194,"date":"2025-01-17T18:51:11","date_gmt":"2025-01-17T17:51:11","guid":{"rendered":"https:\/\/technovation.fr\/?page_id=194"},"modified":"2025-01-24T11:49:07","modified_gmt":"2025-01-24T10:49:07","slug":"sol_1","status":"publish","type":"page","link":"https:\/\/technovation.fr\/index.php\/nos-publications\/solutions-de-batiments-intelligents\/sol_1\/","title":{"rendered":"1. Description d&rsquo;un b\u00e2timent \u00ab\u00a0intelligent\u00a0\u00bb"},"content":{"rendered":"\n<p><em><strong>Glossaire des acronymes<\/strong> :<\/em><br><strong>BIC<\/strong>&nbsp;: &nbsp;&nbsp;&nbsp; B\u00e2timent Intelligent et Connect\u00e9<br><strong>GTB:<\/strong>     Gestion Technique d&rsquo;un B\u00e2timent (multi-technique)<br><strong>GTC:<\/strong>     Gestion Technique Centralis\u00e9e (multi-b\u00e2timents)<br><strong>VDI<\/strong>&nbsp;:&nbsp;&nbsp;&nbsp; Voix Donn\u00e9es Images<br><strong>Dimmable, Gradable<\/strong>&nbsp;:&nbsp; permettant de faire varier l\u2019intensit\u00e9 lumineuse<br><strong>Supervision&nbsp;:<\/strong> La supervision concerne l&rsquo;acquisition de donn\u00e9es (mesures, alarmes, retour d&rsquo;\u00e9tat de fonctionnement) et des param\u00e8tres de commande de processus g\u00e9n\u00e9ralement confi\u00e9s \u00e0 des automates programmables.<br><strong>IHM&nbsp;:<\/strong> Dans le domaine de l&rsquo;automatisation, les \u00e9crans tactiles sont des IHMs tr\u00e8s populaire afin de centraliser le contr\u00f4le d&rsquo;un proc\u00e9d\u00e9 sur un seul \u00e9cran. Ainsi, il est possible d&rsquo;afficher plusieurs informations et de mettre \u00e0 la disposition de l&rsquo;op\u00e9rateur des commandes qui affecteront le proc\u00e9d\u00e9. Les IHMs permettent aussi de remplacer des stations de boutons. Ils sont surtout utilis\u00e9s en compl\u00e9ment avec un API&nbsp;(Automate Programmable Industriel) pour avoir un affichage des \u00e9tats des entr\u00e9es\/sorties et des alarmes du syst\u00e8me.<br><strong>Process&nbsp;:<\/strong> Le nom process est un mot anglais pouvant signifier, selon le contexte, \u00ab&nbsp;proc\u00e9d\u00e9&nbsp;\u00bb, \u00ab proc\u00e9dure \u00bb, \u00ab processus \u00bb, \u00ab op\u00e9ration&nbsp;\u00bb\u2026<\/p>\n\n\n\n<h2 class=\"wp-block-heading\">1.1 Rendre un b\u00e2timent intelligent<\/h2>\n\n\n\n<p>Aujourd\u2019hui et demain, une gestion active de l\u2019\u00e9nergie devient n\u00e9cessaire, les technologies d&rsquo;une Gestion Technique B\u00e2timent (GTB) \u00e9voluent en interconnectant les diff\u00e9rents syst\u00e8mes techniques (\u00e9clairage, ouvrants, CVC, \u2026) avec une interaction entre les \u00e9quipements.<br>Les interactions rendent donc un b\u00e2timent \u00ab&nbsp;intelligent&nbsp;\u00bb.<br>Cela n\u00e9cessite&nbsp;:<br>&#8211;&nbsp;la mise en place de capteurs et actionneurs pour automatiser les \u00e9quipements,<br>&#8211; de mesurer et de compter toutes les consommations \u00e9nerg\u00e9tiques,<br>&#8211; de rendre les \u00e9quipements communicants.<br>Les principaux syst\u00e8mes techniques doivent \u00eatre interconnect\u00e9s pour assurer une transversalit\u00e9 des fonctions. Des \u00e9quipements passifs de second \u0153uvre tels que les ouvrants (Stores, Volets, Fen\u00eatre, Porte, Serrures\u2026) peuvent devenir actifs et communicants.<br>D\u2019o\u00f9 la n\u00e9cessit\u00e9 de choisir des syst\u00e8mes interop\u00e9rables. C\u2019est-\u00e0-dire, sachant communiquer entre eux sans d\u00e9pendre d\u2019un acteur particulier avec des standards ouverts dont les sp\u00e9cifications techniques sont publiques et sans restriction d\u2019acc\u00e8s ni de mise en \u0153uvre.<br>Le choix \u00e0 recommander est pour les bus de communication entre lots, se porte sur des protocoles norm\u00e9s comme KNX, LON, Modbus, BACnet MSTP et sur le r\u00e9seau Ethernet avec BACnet IP.<\/p>\n\n\n\n<h2 class=\"wp-block-heading\">1.2 Rendre un b\u00e2timent communicant<\/h2>\n\n\n\n<p>Rendre un b\u00e2timent communicant n\u00e9cessite de r\u00e9aliser ou de modifier des adductions vers l\u2019ext\u00e9rieur aupr\u00e8s d\u2019op\u00e9rateurs fournisseurs d\u2019acc\u00e8s.<br>Plusieurs types d\u2019usages de communications sont n\u00e9cessaires&nbsp;:<br><strong>&#8211;&nbsp;L\u2019usage des t\u00e9l\u00e9phones&nbsp;: <\/strong><br>Historiquement, r\u00e9alis\u00e9 sur les lignes analogiques fournies par ORANGE. Mais de plus en plus, r\u00e9alis\u00e9 sur des lignes en technologie IP (VOIP)&nbsp;; c\u2019est-\u00e0-dire derri\u00e8re une box.&nbsp;&nbsp;<em>\u00ab&nbsp;En effet, Orange va progressivement couper le \u00ab\u00a0r\u00e9seau t\u00e9l\u00e9phonique commut\u00e9\u00a0\u00bb, le RTC, qui sert de support aux services de t\u00e9l\u00e9phonie traditionnelle. Dans les faits, il sera donc obligatoire de s&rsquo;abonner \u00e0 une box internet pour avoir une ligne fixe. C&rsquo;est donc la fin annonc\u00e9e des combin\u00e9s qu&rsquo;on peut directement brancher sur une prise \u00ab\u00a0T\u00a0\u00bb&nbsp;: il faudra n\u00e9cessairement les brancher sur une box&nbsp;\u00bb<\/em><br><strong>&#8211;&nbsp;&nbsp;L\u2019usage informatique ou bureautique&nbsp;:<\/strong><br>Historiquement, r\u00e9alis\u00e9 par des box fournis par des op\u00e9rateurs sur des liaisons \u00ab&nbsp;cuivre&nbsp;\u00bb de ORANGE. Mais de plus en plus, r\u00e9alis\u00e9 sur des r\u00e9seaux en fibres optiques des op\u00e9rateurs ou sur une fibre priv\u00e9e d&rsquo;une collectivit\u00e9.<br><strong>&#8211;&nbsp;L\u2019usage technique&nbsp;:<\/strong><br>Notamment pour les communications des syst\u00e8mes techniques vers une supervision de GTC.<\/p>\n\n\n\n<h3 class=\"wp-block-heading\"><a>1.2.1&nbsp;Adductions d\u2019un b\u00e2timent<\/a><\/h3>\n\n\n\n<p>Adductions filaires en c\u00e2bles \u00ab\u00a0cuivre&nbsp;\u00a0\u00bb et \u00ab\u00a0fibres optiques\u00a0\u00bb&nbsp;:<\/p>\n\n\n\n<figure class=\"wp-block-image size-full\"><img loading=\"lazy\" decoding=\"async\" width=\"890\" height=\"680\" src=\"https:\/\/technovation.fr\/wp-content\/uploads\/2025\/01\/image-2.png\" alt=\"\" class=\"wp-image-332\" srcset=\"https:\/\/technovation.fr\/wp-content\/uploads\/2025\/01\/image-2.png 890w, https:\/\/technovation.fr\/wp-content\/uploads\/2025\/01\/image-2-300x229.png 300w, https:\/\/technovation.fr\/wp-content\/uploads\/2025\/01\/image-2-768x587.png 768w\" sizes=\"auto, (max-width: 890px) 100vw, 890px\" \/><\/figure>\n\n\n\n<h3 class=\"wp-block-heading\"><a>1.2.2 Liaisons GSM pour ascenseur<\/a><\/h3>\n\n\n\n<p>Face \u00e0&nbsp; la d\u00e9cision de l\u2019op\u00e9rateur ORANGE de bient\u00f4t ne plus ouvrir de nouvelles lignes fixes, Il est n\u00e9cessaire de demander \u00e0 ce que les appareils \u00e9l\u00e9vateurs destin\u00e9s au transport de personnes soient dot\u00e9s dor\u00e9navant d\u2019une liaison t\u00e9l\u00e9phonique bidirectionnelle (Norme EN 81-28) avec un syst\u00e8me de t\u00e9l\u00e9phonie de type GSM sans liaison filaire dont le protocole sera suffisamment ouvert afin de permettre la prise en charge et la maintenance ult\u00e9rieure par un prestataire autre que le constructeur de l\u2019appareil.&nbsp;<\/p>\n\n\n\n<h3 class=\"wp-block-heading\"><a>1.2.3 Infrastructure VDI (Voix-Donn\u00e9es-Images)<\/a>&nbsp;<\/h3>\n\n\n\n<p>Un r\u00e9f\u00e9rentiel de c\u00e2blage Voix &#8211; Donn\u00e9es &#8211; Images (VDI ci-apr\u00e8s) est destin\u00e9 \u00e0 fournir une base technique et contractuelle pour l&rsquo;ing\u00e9nierie, la fourniture des composants, l&rsquo;installation, la gestion, le test et la garantie d\u2019une infrastructure de c\u00e2blage.<br><br>L\u2019infrastructure de c\u00e2blage s\u2019appuiera sur une configuration de type \u00ab \u00e9toile principale \u00bb et associ\u00e9e \u00e0 des \u00e9toiles secondaires selon la taille du site \u00e0 desservir.<br>L\u2019\u00e9quipe de ma\u00eetrise d\u2019\u0153uvre se rapprochera de l\u2019op\u00e9rateur ORANGE pour les cr\u00e9ations et\/ou modifications d\u2019adduction t\u00e9l\u00e9phonique (en r\u00e8gle g\u00e9n\u00e9rale avec la pose d\u2019une adduction cuivre multipaire mais \u00e9galement en fibre optique). Elle d\u00e9finira les cheminements \u00e0 r\u00e9aliser entre l\u2019espace publique et le local technique principal.<br><br>Dans la mesure du possible, un local technique principal sera pr\u00e9vu et concentrera l\u2019ensemble des ressources op\u00e9rateurs, informatiques et t\u00e9l\u00e9phoniques. Le local technique principal constitue le point de concentration des locaux techniques secondaires. Ces derniers sont obligatoirement desservis par une rocade informatique en fibre optique \u00ab monomode \u00bb d\u00e9di\u00e9e au transport des applications IP et par une rocade \u00ab&nbsp;cuivre&nbsp;\u00bb d\u00e9di\u00e9e au transport des applications t\u00e9l\u00e9phoniques analogiques, aux d\u00e9ports d\u2019acc\u00e8s op\u00e9rateurs ou de fa\u00e7on g\u00e9n\u00e9rale \u00e0 toutes applications \u00ab courant faible \u00bb non compatibles ou non int\u00e9gr\u00e9es au r\u00e9seau IP.<br><br>Une baie ou un coffret de communication sera install\u00e9 dans les locaux techniques permettant&nbsp;:<br>&#8211; Le raccordement des adductions cuivre et des fibres optiques ,<br>&#8211; Le raccordement de tout le c\u00e2blage VDI vers les prises informatiques et t\u00e9l\u00e9phoniques en RJ45,<br>&#8211; La mise en place des mat\u00e9riels actifs,<br>&#8211; Le brassage des liaisons informatiques et t\u00e9l\u00e9phoniques.<br><br>Le c\u00e2blage VDI respectera les normalisations de c\u00e2blage, en convention EIA-TIA 568B, avec des c\u00e2bles informatiques 4 paires (F\/FTP) de cat\u00e9gorie 6a (ou plus) du m\u00eame constructeur que les noyaux RJ45. Les besoins d\u2019utilisation sont d\u00e9finis sous deux formes diff\u00e9rentes.<br>1\/ Pour des besoins de bureautique avec un t\u00e9l\u00e9phone et un ordinateur, c\u2019est un point d&rsquo;acc\u00e8s (PA) qui comporte&nbsp;:<br>    &#8211; 2 prises de courant informatique 16 A+T rouges et d\u00e9tromp\u00e9es m\u00e9caniquement sur disjoncteurs haute immunit\u00e9,<br>    &#8211; 3 prises de courant normalis\u00e9s 16 A+T blanches,<br>    &#8211; 2 prises RJ45 pour le raccordement d&rsquo;\u00e9quipement t\u00e9l\u00e9phonique ou informatique (t\u00e9l\u00e9phone, fax, pc, imprimante, \u2026) au format 22,5&#215;45 mm<br>2\/ Pour des besoins ponctuels, c\u2019est une prise RJ45, seule ou avec une prise de courant, en format 22,5 x 45 mm, capable de recevoir un adaptateur \u00e0 verrou m\u00e9canique.<br><br>En r\u00e8gle g\u00e9n\u00e9rale, un point d\u2019acc\u00e8s complet est pr\u00e9vu pour chaque salle ou pour chaque utilisateur dans un bureau.<br>Pour chaque prise RJ45, une fiche de tests sera \u00e9dit\u00e9e et remise au Ma\u00eetre d&rsquo;Ouvrage dans le Dossier des Ouvrage Ex\u00e9cut\u00e9 (DOE) et des plans d\u2019implantation avec rep\u00e9rage des RJ45 seront remis au Maitre d\u2019Ouvrage d\u00e8s la finalisation des c\u00e2blages.<br><br>Le pr\u00e9-c\u00e2blage VDI sera r\u00e9alis\u00e9 ou sous-trait\u00e9 \u00e0 un prestataire qualifi\u00e9 par un constructeur VDI et assurera une garantie dudit constructeur de 20 ans sur l&rsquo;ensemble de l&rsquo;installation.<br>La terre informatique de chaque local sera directement raccord\u00e9e \u00e0 la terre du b\u00e2timent. (Valeur inf\u00e9rieure \u00e0 5 ohms).<\/p>\n\n\n\n<h3 class=\"wp-block-heading\"><a>1.2.4\u00a0Constitution d\u2019une baie et d\u2019un PA<\/a><\/h3>\n\n\n\n<p><strong>Exemple de constitution d&rsquo;une baie VDI&nbsp;:<\/strong><\/p>\n\n\n\n<figure class=\"wp-block-image size-large\"><img loading=\"lazy\" decoding=\"async\" width=\"905\" height=\"1024\" src=\"https:\/\/technovation.fr\/wp-content\/uploads\/2025\/01\/image-3-905x1024.png\" alt=\"\" class=\"wp-image-334\" srcset=\"https:\/\/technovation.fr\/wp-content\/uploads\/2025\/01\/image-3-905x1024.png 905w, https:\/\/technovation.fr\/wp-content\/uploads\/2025\/01\/image-3-265x300.png 265w, https:\/\/technovation.fr\/wp-content\/uploads\/2025\/01\/image-3-768x869.png 768w, https:\/\/technovation.fr\/wp-content\/uploads\/2025\/01\/image-3.png 1053w\" sizes=\"auto, (max-width: 905px) 100vw, 905px\" \/><\/figure>\n\n\n\n<p><strong><u>Point d\u2019acc\u00e8s<\/u>&nbsp;: <\/strong>exemples de composition<\/p>\n\n\n\n<figure class=\"wp-block-image size-full\"><img loading=\"lazy\" decoding=\"async\" width=\"266\" height=\"353\" src=\"https:\/\/technovation.fr\/wp-content\/uploads\/2025\/01\/image-5.png\" alt=\"\" class=\"wp-image-337\" srcset=\"https:\/\/technovation.fr\/wp-content\/uploads\/2025\/01\/image-5.png 266w, https:\/\/technovation.fr\/wp-content\/uploads\/2025\/01\/image-5-226x300.png 226w\" sizes=\"auto, (max-width: 266px) 100vw, 266px\" \/><\/figure>\n\n\n\n<figure class=\"wp-block-image size-full is-resized\"><img loading=\"lazy\" decoding=\"async\" width=\"576\" height=\"206\" src=\"https:\/\/technovation.fr\/wp-content\/uploads\/2025\/01\/image-4.png\" alt=\"\" class=\"wp-image-336\" style=\"width:576px;height:auto\" srcset=\"https:\/\/technovation.fr\/wp-content\/uploads\/2025\/01\/image-4.png 576w, https:\/\/technovation.fr\/wp-content\/uploads\/2025\/01\/image-4-300x107.png 300w\" sizes=\"auto, (max-width: 576px) 100vw, 576px\" \/><\/figure>\n\n\n\n<p><strong><u>Principe d\u2019usage informatique \u00ab&nbsp;multi-utilisateurs&nbsp;\u00bb sur une baie de distribution mutualis\u00e9e&nbsp;:<\/u><\/strong><\/p>\n\n\n\n<figure class=\"wp-block-image size-large\"><img loading=\"lazy\" decoding=\"async\" width=\"1024\" height=\"587\" src=\"https:\/\/technovation.fr\/wp-content\/uploads\/2025\/01\/image-7-1024x587.png\" alt=\"\" class=\"wp-image-341\" srcset=\"https:\/\/technovation.fr\/wp-content\/uploads\/2025\/01\/image-7-1024x587.png 1024w, https:\/\/technovation.fr\/wp-content\/uploads\/2025\/01\/image-7-300x172.png 300w, https:\/\/technovation.fr\/wp-content\/uploads\/2025\/01\/image-7-768x440.png 768w, https:\/\/technovation.fr\/wp-content\/uploads\/2025\/01\/image-7.png 1150w\" sizes=\"auto, (max-width: 1024px) 100vw, 1024px\" \/><\/figure>\n\n\n\n<h3 class=\"wp-block-heading\"><a>1.2.5\u00a0Principe d&rsquo;une continuit\u00e9 t\u00e9l\u00e9phonique<\/a><\/h3>\n\n\n\n<p>Continuit\u00e9 via une rocade cuivre<\/p>\n\n\n\n<figure class=\"wp-block-image size-large\"><img loading=\"lazy\" decoding=\"async\" width=\"1024\" height=\"568\" src=\"https:\/\/technovation.fr\/wp-content\/uploads\/2025\/01\/image-8-1024x568.png\" alt=\"\" class=\"wp-image-343\" srcset=\"https:\/\/technovation.fr\/wp-content\/uploads\/2025\/01\/image-8-1024x568.png 1024w, https:\/\/technovation.fr\/wp-content\/uploads\/2025\/01\/image-8-300x166.png 300w, https:\/\/technovation.fr\/wp-content\/uploads\/2025\/01\/image-8-768x426.png 768w, https:\/\/technovation.fr\/wp-content\/uploads\/2025\/01\/image-8.png 1168w\" sizes=\"auto, (max-width: 1024px) 100vw, 1024px\" \/><\/figure>\n\n\n\n<h3 class=\"wp-block-heading\"><a>1.2.6\u00a0Principe d&rsquo;une continuit\u00e9 informatique<\/a>\u00a0<\/h3>\n\n\n\n<p>Continuit\u00e9 via une rocade Fibre Optique<\/p>\n\n\n\n<figure class=\"wp-block-image size-large\"><img loading=\"lazy\" decoding=\"async\" width=\"1024\" height=\"560\" src=\"https:\/\/technovation.fr\/wp-content\/uploads\/2025\/01\/image-9-1024x560.png\" alt=\"\" class=\"wp-image-345\" srcset=\"https:\/\/technovation.fr\/wp-content\/uploads\/2025\/01\/image-9-1024x560.png 1024w, https:\/\/technovation.fr\/wp-content\/uploads\/2025\/01\/image-9-300x164.png 300w, https:\/\/technovation.fr\/wp-content\/uploads\/2025\/01\/image-9-768x420.png 768w, https:\/\/technovation.fr\/wp-content\/uploads\/2025\/01\/image-9.png 1178w\" sizes=\"auto, (max-width: 1024px) 100vw, 1024px\" \/><\/figure>\n\n\n\n<p>Utilisation de convertisseurs lorsque le switch n\u2019est pas dot\u00e9 d\u2019une entr\u00e9e optique&nbsp;:<\/p>\n\n\n\n<figure class=\"wp-block-image size-full\"><img loading=\"lazy\" decoding=\"async\" width=\"1006\" height=\"245\" src=\"https:\/\/technovation.fr\/wp-content\/uploads\/2025\/01\/image-10.png\" alt=\"\" class=\"wp-image-347\" srcset=\"https:\/\/technovation.fr\/wp-content\/uploads\/2025\/01\/image-10.png 1006w, https:\/\/technovation.fr\/wp-content\/uploads\/2025\/01\/image-10-300x73.png 300w, https:\/\/technovation.fr\/wp-content\/uploads\/2025\/01\/image-10-768x187.png 768w\" sizes=\"auto, (max-width: 1006px) 100vw, 1006px\" \/><\/figure>\n\n\n\n<h3 class=\"wp-block-heading\"><a>1.2.7\u00a0Principe d\u2019installation d\u2019un MICRO SWITCH<\/a><\/h3>\n\n\n\n<p>Dans certains cas d\u2019utilisation minimale de point d\u2019acc\u00e8s et afin d\u2019\u00e9viter de mettre en \u0153uvre une baie ou un coffret informatique, il est possible d\u2019utiliser la technologie du micro switch.<\/p>\n\n\n\n<figure class=\"wp-block-image size-full\"><img loading=\"lazy\" decoding=\"async\" width=\"826\" height=\"215\" src=\"https:\/\/technovation.fr\/wp-content\/uploads\/2025\/01\/image-13.png\" alt=\"\" class=\"wp-image-356\" srcset=\"https:\/\/technovation.fr\/wp-content\/uploads\/2025\/01\/image-13.png 826w, https:\/\/technovation.fr\/wp-content\/uploads\/2025\/01\/image-13-300x78.png 300w, https:\/\/technovation.fr\/wp-content\/uploads\/2025\/01\/image-13-768x200.png 768w\" sizes=\"auto, (max-width: 826px) 100vw, 826px\" \/><\/figure>\n\n\n\n<div class=\"wp-block-uagb-buttons uagb-buttons__outer-wrap uagb-btn__default-btn uagb-btn-tablet__default-btn uagb-btn-mobile__default-btn uagb-block-3df9db46\"><div class=\"uagb-buttons__wrap uagb-buttons-layout-wrap \">\n<div class=\"wp-block-uagb-buttons-child uagb-buttons__outer-wrap uagb-block-11ceda08 wp-block-button\"><div class=\"uagb-button__wrapper\"><a class=\"uagb-buttons-repeater wp-block-button__link\" aria-label=\"\" href=\"#\" rel=\"follow noopener\" target=\"_self\" role=\"button\"><div class=\"uagb-button__link\">Retour en haut<\/div><\/a><\/div><\/div>\n<\/div><\/div>\n\n\n\n<p><\/p>\n","protected":false},"excerpt":{"rendered":"<p>Glossaire des acronymes :BIC&nbsp;: &nbsp;&nbsp;&nbsp; B\u00e2timent Intelligent et Connect\u00e9GTB: Gestion Technique d&rsquo;un B\u00e2timent (multi-technique)GTC: Gestion Technique Centralis\u00e9e (multi-b\u00e2timents)VDI&nbsp;:&nbsp;&nbsp;&nbsp; Voix Donn\u00e9es [&hellip;]<\/p>\n","protected":false},"author":1,"featured_media":0,"parent":187,"menu_order":1,"comment_status":"open","ping_status":"closed","template":"","meta":{"_uag_custom_page_level_css":"","site-sidebar-layout":"no-sidebar","site-content-layout":"","ast-site-content-layout":"normal-width-container","site-content-style":"default","site-sidebar-style":"default","ast-global-header-display":"","ast-banner-title-visibility":"","ast-main-header-display":"","ast-hfb-above-header-display":"","ast-hfb-below-header-display":"","ast-hfb-mobile-header-display":"","site-post-title":"","ast-breadcrumbs-content":"","ast-featured-img":"","footer-sml-layout":"","theme-transparent-header-meta":"","adv-header-id-meta":"","stick-header-meta":"","header-above-stick-meta":"","header-main-stick-meta":"","header-below-stick-meta":"","astra-migrate-meta-layouts":"default","ast-page-background-enabled":"default","ast-page-background-meta":{"desktop":{"background-color":"var(--ast-global-color-4)","background-image":"","background-repeat":"repeat","background-position":"center center","background-size":"auto","background-attachment":"scroll","background-type":"","background-media":"","overlay-type":"","overlay-color":"","overlay-opacity":"","overlay-gradient":""},"tablet":{"background-color":"","background-image":"","background-repeat":"repeat","background-position":"center center","background-size":"auto","background-attachment":"scroll","background-type":"","background-media":"","overlay-type":"","overlay-color":"","overlay-opacity":"","overlay-gradient":""},"mobile":{"background-color":"","background-image":"","background-repeat":"repeat","background-position":"center center","background-size":"auto","background-attachment":"scroll","background-type":"","background-media":"","overlay-type":"","overlay-color":"","overlay-opacity":"","overlay-gradient":""}},"ast-content-background-meta":{"desktop":{"background-color":"var(--ast-global-color-5)","background-image":"","background-repeat":"repeat","background-position":"center center","background-size":"auto","background-attachment":"scroll","background-type":"","background-media":"","overlay-type":"","overlay-color":"","overlay-opacity":"","overlay-gradient":""},"tablet":{"background-color":"var(--ast-global-color-5)","background-image":"","background-repeat":"repeat","background-position":"center center","background-size":"auto","background-attachment":"scroll","background-type":"","background-media":"","overlay-type":"","overlay-color":"","overlay-opacity":"","overlay-gradient":""},"mobile":{"background-color":"var(--ast-global-color-5)","background-image":"","background-repeat":"repeat","background-position":"center center","background-size":"auto","background-attachment":"scroll","background-type":"","background-media":"","overlay-type":"","overlay-color":"","overlay-opacity":"","overlay-gradient":""}},"footnotes":""},"class_list":["post-194","page","type-page","status-publish","hentry"],"uagb_featured_image_src":{"full":false,"thumbnail":false,"medium":false,"medium_large":false,"large":false,"1536x1536":false,"2048x2048":false},"uagb_author_info":{"display_name":"LDR","author_link":"https:\/\/technovation.fr\/index.php\/author\/dl243-ovh\/"},"uagb_comment_info":12,"uagb_excerpt":"Glossaire des acronymes :BIC&nbsp;: &nbsp;&nbsp;&nbsp; B\u00e2timent Intelligent et Connect\u00e9GTB: Gestion Technique d&rsquo;un B\u00e2timent (multi-technique)GTC: Gestion Technique Centralis\u00e9e (multi-b\u00e2timents)VDI&nbsp;:&nbsp;&nbsp;&nbsp; Voix Donn\u00e9es [&hellip;]","_links":{"self":[{"href":"https:\/\/technovation.fr\/index.php\/wp-json\/wp\/v2\/pages\/194","targetHints":{"allow":["GET"]}}],"collection":[{"href":"https:\/\/technovation.fr\/index.php\/wp-json\/wp\/v2\/pages"}],"about":[{"href":"https:\/\/technovation.fr\/index.php\/wp-json\/wp\/v2\/types\/page"}],"author":[{"embeddable":true,"href":"https:\/\/technovation.fr\/index.php\/wp-json\/wp\/v2\/users\/1"}],"replies":[{"embeddable":true,"href":"https:\/\/technovation.fr\/index.php\/wp-json\/wp\/v2\/comments?post=194"}],"version-history":[{"count":53,"href":"https:\/\/technovation.fr\/index.php\/wp-json\/wp\/v2\/pages\/194\/revisions"}],"predecessor-version":[{"id":357,"href":"https:\/\/technovation.fr\/index.php\/wp-json\/wp\/v2\/pages\/194\/revisions\/357"}],"up":[{"embeddable":true,"href":"https:\/\/technovation.fr\/index.php\/wp-json\/wp\/v2\/pages\/187"}],"wp:attachment":[{"href":"https:\/\/technovation.fr\/index.php\/wp-json\/wp\/v2\/media?parent=194"}],"curies":[{"name":"wp","href":"https:\/\/api.w.org\/{rel}","templated":true}]}}