{"id":422,"date":"2025-01-30T17:13:34","date_gmt":"2025-01-30T16:13:34","guid":{"rendered":"https:\/\/technovation.fr\/?page_id=422"},"modified":"2025-01-30T18:54:38","modified_gmt":"2025-01-30T17:54:38","slug":"ref_2","status":"publish","type":"page","link":"https:\/\/technovation.fr\/index.php\/nos-publications\/ref\/ref_2\/","title":{"rendered":"2. Conception des installations VDI"},"content":{"rendered":"\n<p>Ce r\u00e9f\u00e9rentiel des sp\u00e9cifications techniques doit \u00eatre utilis\u00e9 pour la conception des infrastructures de c\u00e2blage n\u00e9cessaires \u00e0 l\u2019installation des r\u00e9seaux de Voix\/Donn\u00e9es\/Images (VDI) de l\u2019EMS.<\/p>\n\n\n\n<h2 class=\"wp-block-heading\">2.1 Objectifs cibles des installations VDI<\/h2>\n\n\n\n<h3 class=\"wp-block-heading\"><a>2.1.1&nbsp;Objectifs g\u00e9n\u00e9raux<\/a><\/h3>\n\n\n\n<p>Toute nouvelle infrastructure VDI pos\u00e9e aura pour objectifs minimums :<br>&#8211; d\u2019\u00eatre conforme aux normes et standards internationaux en mati\u00e8re de transport de l\u2019information haut d\u00e9bit,<br>&#8211;&nbsp;d\u2019optimiser les capacit\u00e9s des infrastructures de transport des informations VDI par la mise en place d\u2019une infrastructure supportant le tr\u00e8s haut d\u00e9bit (10 Gb\/s),<br>&#8211;&nbsp;de faciliter l\u2019acc\u00e8s aux ressources informatiques et t\u00e9l\u00e9phoniques t \u00e0 toutes personnes autoris\u00e9es, <br>&#8211;&nbsp;de d\u00e9livrer l\u2019information de fa\u00e7on homog\u00e8ne et de performance \u00e9gale sur l\u2019ensemble des sites,<br>&#8211; de disposer d\u2019un syst\u00e8me de c\u00e2blage VDI normalis\u00e9 et banalis\u00e9 capable d\u2019int\u00e9grer toutes les applications n\u00e9cessitant l\u2019\u00e9change \u00e0 tr\u00e8s haut d\u00e9bit d\u2019information sur un support filaire,<br>&#8211;&nbsp;de simplifier la gestion et l\u2019exploitation des infrastructures VDI en mettant en \u0153uvre des syst\u00e8mes (principes et architectures) et des dispositifs (liaison, connectique, brassage, rep\u00e9rage\u2026) standards, p\u00e9rennes, facilitateurs, ouverts et \u00e9volutifs,<br>&#8211;&nbsp;de limiter au strict minimum les interventions de type \u00ab travaux d\u2019extension \u00bb ou de \u00ab&nbsp;modification des infrastructures de c\u00e2blage&nbsp;\u00bb. Les interventions de cette nature ne devront en aucun cas remettre en cause toute ou partie de l\u2019installation VDI en place : anticipation des besoins futurs, dimensionnement de l\u2019architecture et de ses composants, souplesse d\u2019adaptation de la solution,<br>&#8211;&nbsp;<strong>d\u2019exploiter au maximum les capacit\u00e9s des b\u00e2timents et des infrastructures existantes<\/strong> (LT, chemins de c\u00e2ble courant faible, fourreau\u2026) pour cheminer l\u2019information tout en respectant les normes, les r\u00e8gles de pose et les r\u00e8gles de l\u2019art propres aux technologies de transport de l\u2019information \u00e0 tr\u00e8s haut d\u00e9bit,<br>&#8211; de prot\u00e9ger l\u2019int\u00e9grit\u00e9 des informations transport\u00e9es face aux perturbations de tous ordres notamment thermiques, \u00e9lectriques, \u00e9lectromagn\u00e9tiques, propagation foudre\u2026<br>&#8211;&nbsp;de transporter l\u2019\u00e9nergie \u00e9lectrique vers tout \u00e9quipement compatible <strong>POE et POE+<\/strong> (t\u00e9l\u00e9phone IP, visiophone, bornes Wifi, cam\u00e9ra IP\u2026) quel que soit son point d\u2019acc\u00e8s (RJ45) de rattachement,<br>&#8211;&nbsp;d\u2019assurer la s\u00e9curit\u00e9 des personnels et de ses prestataires par le respect des r\u00e8gles de pose et de mise \u00e0 la terre des \u00e9quipements,<br>&#8211;&nbsp;d\u2019assurer la s\u00e9curit\u00e9 des occupants des b\u00e2timents de l\u2019EMS par la mise en \u0153uvre de mat\u00e9riaux non propagateur de la flamme et ne d\u00e9gageant aucun gaz toxique ou polluant,<br>&#8211;&nbsp;de contribuer \u00e0 la politique environnementale favorisant la limitation des d\u00e9chets et le recyclage de ces derniers conform\u00e9ment \u00e0 la directive 2008\/98\/CE du Parlement europ\u00e9en sur&nbsp;: pr\u00e9vention, pr\u00e9paration en vue du r\u00e9emploi, recyclage, valorisation mati\u00e8re, valorisation \u00e9nerg\u00e9tique et \u00e9limination.<\/p>\n\n\n\n<h3 class=\"wp-block-heading\"><a>2.1.2&nbsp;Objectifs particuliers<\/a><\/h3>\n\n\n\n<p>Tous les \u00e9quipements communicants (serveurs, PC, t\u00e9l\u00e9phones, terminaux, p\u00e9riph\u00e9riques\u2026) seront \u00e0 terme concern\u00e9s par l\u2019infrastructure VDI au travers d\u2019un point d\u2019acc\u00e8s de format d\u00e9di\u00e9 ou non. En effet, outre les points d\u2019acc\u00e8s de type \u00ab&nbsp;postes de travail&nbsp;\u00bb qui permettront la connexion d\u2019un poste de travail (informatique + t\u00e9l\u00e9phone), on pourra distinguer les cat\u00e9gories d\u2019applications suivantes :<br>&#8211;&nbsp;\u00ab Communication \u00bb : PC isol\u00e9, poste t\u00e9l\u00e9phonique isol\u00e9, point phone, interphone, visiophone&#8230;<br>&#8211;&nbsp;\u00ab Salle de r\u00e9union \u00bb : connexion d\u2019\u00e9quipements de vid\u00e9o projection, de sonorisation, d\u2019audioconf\u00e9rences, de visioconf\u00e9rence, de r\u00e9servation de salle (conciergerie).<br>&#8211;&nbsp;\u00ab Formation \u00bb : forte densit\u00e9 de connexion aux ressources informatiques et \u00e9lectriques.<br>&#8211;&nbsp;\u00ab S\u00e9curit\u00e9 des biens et des personnes \u00bb : cam\u00e9ra de vid\u00e9osurveillance, lecteur de badge (contr\u00f4le d\u2019acc\u00e8s), t\u00e9l\u00e9phonie de secours ou d\u2019urgence, appel et acc\u00e8s PMR, d\u00e9fibrillateur, ascenseur, alarme, sir\u00e8ne\u2026<br>&#8211;&nbsp;\u00ab Moyens communs d\u2019impression \u00bb : imprimante r\u00e9seau grande capacit\u00e9, copieur multiservices, t\u00e9l\u00e9copieurs, traceurs&#8230;<br>&#8211;&nbsp;\u00ab Informations \u00bb : afficheurs dynamiques, bornes d\u2019information libre-service, panneaux d\u2019information, horloges synchronis\u00e9es, TV\u2026<br>&#8211;&nbsp;\u00ab Gestion technique \u00bb : GTC, t\u00e9l\u00e9maintenance, chaufferie, groupe froid, t\u00e9l\u00e9-relev\u00e9 compteurs \u00e9lectriques, t\u00e9l\u00e9-relev\u00e9 photovolta\u00efque, gaz\u2026<br>&#8211;&nbsp;\u00ab Mobilit\u00e9 \u00bb : infrastructure de \u00ab mobilit\u00e9 \u00bb intramuros, Wifi, Dect, Dect IP,&#8230;<br>&#8211; \u00ab Services divers\u00bb : terminaux de pointage horaire, terminaux de paiement, distributeurs de boissons, caisses enregistreuses, borne d\u2019acc\u00e8s internet libre-service.<br>La prise en compte des applications ci-dessus pourra \u00eatre de nature \u00e0 modifier la composition du point d\u2018acc\u00e8s au \u00ab&nbsp;standard EMS&nbsp;\u00bb : adaptation du nombre de prise RJ45 et \/ ou des prises de courant.<\/p>\n\n\n\n<h2 class=\"wp-block-heading\">2.2 Conception g\u00e9n\u00e9rale<\/h2>\n\n\n\n<p>Les infrastructures VDI s\u2019appuieront sur une configuration de type \u00ab \u00e9toile principale \u00bb associ\u00e9e ou non, et selon la taille des sites \u00e0 desservir, \u00e0 des \u00e9toiles secondaires. Dans la mesure du possible, le local principal technique concentrera l\u2019ensemble des ressources op\u00e9rateurs, informatiques et t\u00e9l\u00e9phoniques.<\/p>\n\n\n\n<p>Le local technique principal constitue le point de concentration des locaux techniques secondaires. Ces derniers sont obligatoirement desservis par une rocade informatique d\u00e9di\u00e9e au transport de toutes les applications IP et notamment voix, donn\u00e9es et images. Sauf cas d\u2019exception, il a \u00e9t\u00e9 \u00e9tabli que ces rocades informatiques sont constitu\u00e9es de fibre optique pour des raisons d\u2019homog\u00e9n\u00e9it\u00e9 et de coh\u00e9rence des infrastructures VDI.<\/p>\n\n\n\n<p>Par ailleurs, le local technique principal desservira chaque local technique secondaire par une rocade \u00ab&nbsp;dite&nbsp;\u00bb t\u00e9l\u00e9phonique. Cette derni\u00e8re sera d\u00e9di\u00e9e au transport des applications t\u00e9l\u00e9phoniques analogiques, aux d\u00e9ports d\u2019acc\u00e8s op\u00e9rateurs, au transport d&rsquo;applications num\u00e9riques (comme des Bus de terrain) et de fa\u00e7on g\u00e9n\u00e9rale \u00e0 toutes applications \u00ab courant faible \u00bb non compatibles ou non int\u00e9gr\u00e9es au r\u00e9seau IP.<\/p>\n\n\n\n<p>Les points d\u2019arriv\u00e9e \u00ab op\u00e9rateurs de t\u00e9l\u00e9communication&nbsp;\u00bb pourront se pr\u00e9senter de diff\u00e9rentes sortes&nbsp;:<br>&#8211;&nbsp;Fibre optique privative.<br>&#8211;&nbsp;Arriv\u00e9e op\u00e9rateur de t\u00e9l\u00e9communication \u00ab fibre optique \u00bb.<br>&#8211; Arriv\u00e9e op\u00e9rateur de t\u00e9l\u00e9communication \u00ab cuivre \u00bb : selon les cas, ces liaisons \u00ab cuivre \u00bb sont amen\u00e9es dans un local d\u00e9di\u00e9, dans le local technique principal voire dans un autre endroit du b\u00e2timent (sous-sol etc.). Selon les sites, le local technique principal pourra h\u00e9berger des ressources informatiques et \/ ou t\u00e9l\u00e9phoniques propres au site.<\/p>\n\n\n\n<p>En outre, la densit\u00e9 de postes de travail et la criticit\u00e9 des applications, l\u2019infrastructure en \u00e9toile \u00ab LT principal \/ LT secondaires&nbsp;\u00bb pourra \u00eatre s\u00e9curis\u00e9e par la mise en place d\u2019une boucle (ou triangle) optique. Dans ce cas, les locaux techniques secondaires seront aliment\u00e9s par deux rocades informatiques (voire deux rocades t\u00e9l\u00e9phoniques) empruntant des chemins diff\u00e9rents.<\/p>\n\n\n\n<h3 class=\"wp-block-heading\"><a>2.2.1&nbsp;Infrastructure de type \u00ab&nbsp;multi-b\u00e2timents&nbsp;\u00bb<\/a><\/h3>\n\n\n\n<p>Les infrastructures VDI pourront \u00eatre de type \u00ab multi-b\u00e2timents \u00bb : cas d\u2019une installation desservant les m\u00eames ressources VDI \u00e0 un ensemble de b\u00e2timents voisins de m\u00eame nature ou de m\u00eame fonction connect\u00e9e \u00e0 un point d\u2019arriv\u00e9e \u00ab op\u00e9rateur \u00bb unique, par exemple mus\u00e9e, \u00e9cole etc.<\/p>\n\n\n\n<figure class=\"wp-block-image aligncenter size-full is-resized\"><img loading=\"lazy\" decoding=\"async\" width=\"890\" height=\"680\" src=\"https:\/\/technovation.fr\/wp-content\/uploads\/2025\/01\/image-22.png\" alt=\"\" class=\"wp-image-443\" style=\"width:668px;height:auto\" srcset=\"https:\/\/technovation.fr\/wp-content\/uploads\/2025\/01\/image-22.png 890w, https:\/\/technovation.fr\/wp-content\/uploads\/2025\/01\/image-22-300x229.png 300w, https:\/\/technovation.fr\/wp-content\/uploads\/2025\/01\/image-22-768x587.png 768w\" sizes=\"auto, (max-width: 890px) 100vw, 890px\" \/><\/figure>\n\n\n\n<p><br><br><\/p>\n\n\n\n<h3 class=\"wp-block-heading\"><a>2.2.2&nbsp;Infrastructure de type \u00ab&nbsp;verticale&nbsp;\u00bb<\/a><\/h3>\n\n\n\n<p>Les infrastructures pourront \u00eatre de type \u00ab vertical \u00bb : cas d\u2019une installation desservant les m\u00eames ressources VDI \u00e0 un b\u00e2timent ou une construction unique compos\u00e9 de plusieurs niveaux et connect\u00e9e \u00e0 un point d\u2019arriv\u00e9es \u00ab&nbsp;op\u00e9rateurs&nbsp;\u00bb unique, par exemple centre administratif, mairie de quartier etc.<\/p>\n\n\n\n<p>Enfin, les infrastructures pourront \u00eatre de type \u00ab mixte \u00bb et n\u00e9cessitant une installation VDI desservant les m\u00eames ressources VDI \u00e0 un ensemble de b\u00e2timents compos\u00e9s de plusieurs niveaux et connect\u00e9e \u00e0 un point d\u2019arriv\u00e9e \u00ab op\u00e9rateurs \u00bb unique.<\/p>\n\n\n\n<figure class=\"wp-block-image aligncenter size-full is-resized\"><img loading=\"lazy\" decoding=\"async\" width=\"890\" height=\"751\" src=\"https:\/\/technovation.fr\/wp-content\/uploads\/2025\/01\/image-23.png\" alt=\"\" class=\"wp-image-446\" style=\"width:676px;height:auto\" srcset=\"https:\/\/technovation.fr\/wp-content\/uploads\/2025\/01\/image-23.png 890w, https:\/\/technovation.fr\/wp-content\/uploads\/2025\/01\/image-23-300x253.png 300w, https:\/\/technovation.fr\/wp-content\/uploads\/2025\/01\/image-23-768x648.png 768w\" sizes=\"auto, (max-width: 890px) 100vw, 890px\" \/><\/figure>\n\n\n\n<p><br><br><\/p>\n\n\n\n<h3 class=\"wp-block-heading\"><a>2.2.3 Infrastructure de type verticale \u00ab&nbsp;POL&nbsp;\u00bb<\/a><\/h3>\n\n\n\n<p>Les infrastructures de type r\u00e9seau POL (Passive Optical Lan) est l\u2019application de la technologie de r\u00e9seau PON (Passive Optical Network) dans un environnement de r\u00e9seau local.<br>Il remplace les commutateurs d\u2019\u00e9tage et le c\u00e2blage en cuivre par des coupleurs optiques passifs et des fibres monomodes.<br><strong>Cette solution est \u00e0 envisager pour les sites sup\u00e9rieurs \u00e0 80 prises.<\/strong><\/p>\n\n\n\n<figure class=\"wp-block-image aligncenter size-full is-resized\"><img loading=\"lazy\" decoding=\"async\" width=\"802\" height=\"857\" src=\"https:\/\/technovation.fr\/wp-content\/uploads\/2025\/01\/image-24.png\" alt=\"\" class=\"wp-image-449\" style=\"width:498px;height:auto\" srcset=\"https:\/\/technovation.fr\/wp-content\/uploads\/2025\/01\/image-24.png 802w, https:\/\/technovation.fr\/wp-content\/uploads\/2025\/01\/image-24-281x300.png 281w, https:\/\/technovation.fr\/wp-content\/uploads\/2025\/01\/image-24-768x821.png 768w\" sizes=\"auto, (max-width: 802px) 100vw, 802px\" \/><\/figure>\n\n\n\n<p><br><\/p>\n\n\n\n<h3 class=\"wp-block-heading\"><a>2.2.4\u00a0Performances g\u00e9n\u00e9rales attendues<\/a><\/h3>\n\n\n\n<p>Le syst\u00e8me de c\u00e2blage VDI doit supporter toutes les applications Voix-Donn\u00e9es-Images de type num\u00e9riques, analogiques et IP. Il doit permettre la transmission de ces informations jusqu\u2019\u00e0 n\u2019importe quelle prise de n\u2019importe quel poste de travail.<br>Les installations propos\u00e9es seront conformes aux normes suivantes :<br>&#8211;\u00a0EN 50173-1 pour la structure et la configuration d\u2019un c\u00e2blage g\u00e9n\u00e9rique, les prescriptions de la mise en \u0153uvre et les prescriptions de comportement des liaisons individuelles intitul\u00e9e\u00a0: \u00ab\u00a0technologie de l&rsquo;information syst\u00e8me g\u00e9n\u00e9rique de c\u00e2blage sp\u00e9cifications g\u00e9n\u00e9rales et environnement de bureau\u00a0\u00bb,<br>&#8211;\u00a0conforme \u00e0 la norme ISO \/ IEC 11801 \u00e9dition2 (2011) de classe EA (Augmented) portant sur le lien permanent (permanent link) de cat\u00e9gorie 6A (Augmented) portant sur les composants,<br>&#8211;\u00a0conforme \u00e0 la norme EIA \/ TIA- 568 B.2-10 (2008),<br>&#8211;\u00a0conforme \u00e0 la norme EIA \/ TIA- 568 C.2 (2009),<br>&#8211; conforme \u00e0 la norme IEEE 802.3 af (2003),<br>&#8211;\u00a0conforme \u00e0 la norme IEEE 802.3 at (2009),<br>&#8211;\u00a0Power over Ethernet Plus : t\u00e9l\u00e9-alimentation des \u00e9quipements en 48 V, 600 mA, 24 W max,<br>&#8211;\u00a0Fibres multimode T-REC-G.651.1-200707,<br>&#8211;\u00a0Fibres monomode T-REC-G652-201611.<\/p>\n\n\n\n<p>En outre, le syst\u00e8me de c\u00e2blage \u00ab cuivre \u00bb sera capable d\u2019accepter jusqu\u2019\u00e0 quatre points de coupure du r\u00e9partiteur au point d\u2019acc\u00e8s en mode \u00ab Channel \u00bb.<\/p>\n\n\n\n<p><strong>Les composants du syst\u00e8me de c\u00e2blage doivent provenir d\u2019un seul et m\u00eame fabricant, former un ensemble homog\u00e8ne et garantir les performances valid\u00e9es par le constructeur<\/strong>.<\/p>\n\n\n\n<p>En outre, les travaux devront \u00eatre r\u00e9alis\u00e9s dans les r\u00e8gles de l\u2019art ainsi qu\u2019en conformit\u00e9 avec la r\u00e9glementation et les normes en vigueur au moment de l\u2019ex\u00e9cution, notamment\u00a0:<br>&#8211;\u00a0EN 50174-1 pour la planification de l&rsquo;assurance de la qualit\u00e9.<br>&#8211; EN 50174-2 pour la mise en \u0153uvre des installations.<br>&#8211;\u00a0EN 55022 pour la mise en \u0153uvre de la CEM.<br>&#8211;\u00a0NF C 15-900 pour la cohabitation des r\u00e9seaux de puissance et des r\u00e9seaux de communication.<br>&#8211;\u00a0NF C 15-100 pour les installations \u00e9lectriques en basse tension.<br>&#8211;\u00a0NF C 61-740 pour les parafoudres des installations en basse tension.<\/p>\n\n\n\n<p><br><\/p>\n","protected":false},"excerpt":{"rendered":"<p>Ce r\u00e9f\u00e9rentiel des sp\u00e9cifications techniques doit \u00eatre utilis\u00e9 pour la conception des infrastructures de c\u00e2blage n\u00e9cessaires \u00e0 l\u2019installation des r\u00e9seaux [&hellip;]<\/p>\n","protected":false},"author":1,"featured_media":0,"parent":156,"menu_order":2,"comment_status":"open","ping_status":"closed","template":"","meta":{"_uag_custom_page_level_css":"","site-sidebar-layout":"default","site-content-layout":"","ast-site-content-layout":"","site-content-style":"default","site-sidebar-style":"default","ast-global-header-display":"","ast-banner-title-visibility":"","ast-main-header-display":"","ast-hfb-above-header-display":"","ast-hfb-below-header-display":"","ast-hfb-mobile-header-display":"","site-post-title":"","ast-breadcrumbs-content":"","ast-featured-img":"","footer-sml-layout":"","theme-transparent-header-meta":"","adv-header-id-meta":"","stick-header-meta":"","header-above-stick-meta":"","header-main-stick-meta":"","header-below-stick-meta":"","astra-migrate-meta-layouts":"default","ast-page-background-enabled":"default","ast-page-background-meta":{"desktop":{"background-color":"var(--ast-global-color-4)","background-image":"","background-repeat":"repeat","background-position":"center center","background-size":"auto","background-attachment":"scroll","background-type":"","background-media":"","overlay-type":"","overlay-color":"","overlay-opacity":"","overlay-gradient":""},"tablet":{"background-color":"","background-image":"","background-repeat":"repeat","background-position":"center center","background-size":"auto","background-attachment":"scroll","background-type":"","background-media":"","overlay-type":"","overlay-color":"","overlay-opacity":"","overlay-gradient":""},"mobile":{"background-color":"","background-image":"","background-repeat":"repeat","background-position":"center center","background-size":"auto","background-attachment":"scroll","background-type":"","background-media":"","overlay-type":"","overlay-color":"","overlay-opacity":"","overlay-gradient":""}},"ast-content-background-meta":{"desktop":{"background-color":"var(--ast-global-color-5)","background-image":"","background-repeat":"repeat","background-position":"center center","background-size":"auto","background-attachment":"scroll","background-type":"","background-media":"","overlay-type":"","overlay-color":"","overlay-opacity":"","overlay-gradient":""},"tablet":{"background-color":"var(--ast-global-color-5)","background-image":"","background-repeat":"repeat","background-position":"center center","background-size":"auto","background-attachment":"scroll","background-type":"","background-media":"","overlay-type":"","overlay-color":"","overlay-opacity":"","overlay-gradient":""},"mobile":{"background-color":"var(--ast-global-color-5)","background-image":"","background-repeat":"repeat","background-position":"center center","background-size":"auto","background-attachment":"scroll","background-type":"","background-media":"","overlay-type":"","overlay-color":"","overlay-opacity":"","overlay-gradient":""}},"footnotes":""},"class_list":["post-422","page","type-page","status-publish","hentry"],"uagb_featured_image_src":{"full":false,"thumbnail":false,"medium":false,"medium_large":false,"large":false,"1536x1536":false,"2048x2048":false},"uagb_author_info":{"display_name":"LDR","author_link":"https:\/\/technovation.fr\/index.php\/author\/dl243-ovh\/"},"uagb_comment_info":11,"uagb_excerpt":"Ce r\u00e9f\u00e9rentiel des sp\u00e9cifications techniques doit \u00eatre utilis\u00e9 pour la conception des infrastructures de c\u00e2blage n\u00e9cessaires \u00e0 l\u2019installation des r\u00e9seaux [&hellip;]","_links":{"self":[{"href":"https:\/\/technovation.fr\/index.php\/wp-json\/wp\/v2\/pages\/422","targetHints":{"allow":["GET"]}}],"collection":[{"href":"https:\/\/technovation.fr\/index.php\/wp-json\/wp\/v2\/pages"}],"about":[{"href":"https:\/\/technovation.fr\/index.php\/wp-json\/wp\/v2\/types\/page"}],"author":[{"embeddable":true,"href":"https:\/\/technovation.fr\/index.php\/wp-json\/wp\/v2\/users\/1"}],"replies":[{"embeddable":true,"href":"https:\/\/technovation.fr\/index.php\/wp-json\/wp\/v2\/comments?post=422"}],"version-history":[{"count":25,"href":"https:\/\/technovation.fr\/index.php\/wp-json\/wp\/v2\/pages\/422\/revisions"}],"predecessor-version":[{"id":458,"href":"https:\/\/technovation.fr\/index.php\/wp-json\/wp\/v2\/pages\/422\/revisions\/458"}],"up":[{"embeddable":true,"href":"https:\/\/technovation.fr\/index.php\/wp-json\/wp\/v2\/pages\/156"}],"wp:attachment":[{"href":"https:\/\/technovation.fr\/index.php\/wp-json\/wp\/v2\/media?parent=422"}],"curies":[{"name":"wp","href":"https:\/\/api.w.org\/{rel}","templated":true}]}}